{"id":2747,"date":"2020-11-17T23:45:31","date_gmt":"2020-11-17T22:45:31","guid":{"rendered":"https:\/\/followbutler.com\/aviso-legal\/"},"modified":"2020-11-17T23:45:31","modified_gmt":"2020-11-17T22:45:31","slug":"aviso-legal","status":"publish","type":"page","link":"https:\/\/followbutler.com\/es\/aviso-legal\/","title":{"rendered":"Aviso legal"},"content":{"rendered":"\t\t<div data-elementor-type=\"wp-page\" data-elementor-id=\"2747\" class=\"elementor elementor-2747 elementor-2464\" data-elementor-post-type=\"page\">\n\t\t\t\t\t\t\t\t\t<section class=\"elementor-section elementor-top-section elementor-element elementor-element-7143a3e elementor-section-boxed elementor-section-height-default elementor-section-height-default\" data-id=\"7143a3e\" data-element_type=\"section\">\n\t\t\t\t\t\t<div class=\"elementor-container elementor-column-gap-default\">\n\t\t\t\t\t<div class=\"elementor-column elementor-col-100 elementor-top-column elementor-element elementor-element-d53ce91\" data-id=\"d53ce91\" data-element_type=\"column\">\n\t\t\t<div class=\"elementor-widget-wrap elementor-element-populated\">\n\t\t\t\t\t\t\t\t<div class=\"elementor-element elementor-element-6d74019 elementor-widget elementor-widget-heading\" data-id=\"6d74019\" data-element_type=\"widget\" data-widget_type=\"heading.default\">\n\t\t\t\t<div class=\"elementor-widget-container\">\n\t\t\t<h2 class=\"elementor-heading-title elementor-size-default\">Aviso legal<\/h2>\t\t<\/div>\n\t\t\t\t<\/div>\n\t\t\t\t\t<\/div>\n\t\t<\/div>\n\t\t\t\t\t\t\t<\/div>\n\t\t<\/section>\n\t\t\t\t<section class=\"elementor-section elementor-top-section elementor-element elementor-element-cb815eb elementor-section-boxed elementor-section-height-default elementor-section-height-default\" data-id=\"cb815eb\" data-element_type=\"section\">\n\t\t\t\t\t\t<div class=\"elementor-container elementor-column-gap-default\">\n\t\t\t\t\t<div class=\"elementor-column elementor-col-100 elementor-top-column elementor-element elementor-element-6006e80\" data-id=\"6006e80\" data-element_type=\"column\">\n\t\t\t<div class=\"elementor-widget-wrap elementor-element-populated\">\n\t\t\t\t\t\t\t\t<div class=\"elementor-element elementor-element-24c9551 elementor-widget elementor-widget-text-editor\" data-id=\"24c9551\" data-element_type=\"widget\" data-widget_type=\"text-editor.default\">\n\t\t\t\t<div class=\"elementor-widget-container\">\n\t\t\t\t\t\t\t<p>Majuma GmbH<br \/>\nSchatzbogen 33<br \/>\n81829 M\u00fcnchen<\/p>\n<p>IVA-ID: DE330921557<br \/>\nTribunal de registro: M\u00fcnchen<br \/>\nN\u00famero de registro: HRB 255618<br \/>\nDirector General: Marco Enzmann, Manuel Facchin, Julian Facchin<\/p>\n<p>Web: www.followbutler.com<br \/>\nEmail: info@majuma.net<\/p>\n<p>Oficial de protecci\u00f3n de datos:<br \/>\nER Secure GmbH, In der Knackenau 4, 82031 Gr\u00fcnwald<br \/>\nEmail: datenschutz@majuma.net<\/p>\n\t\t\t\t\t\t<\/div>\n\t\t\t\t<\/div>\n\t\t\t\t\t<\/div>\n\t\t<\/div>\n\t\t\t\t\t\t\t<\/div>\n\t\t<\/section>\n\t\t\t\t\t\t\t<\/div>\n\t\t","protected":false},"excerpt":{"rendered":"<p>Aviso legal Majuma GmbH Schatzbogen 33 81829 M\u00fcnchen IVA-ID: DE330921557 Tribunal de registro: M\u00fcnchen N\u00famero de registro: HRB 255618 Director General: Marco Enzmann, Manuel Facchin, Julian Facchin Web: www.followbutler.com Email: info@majuma.net Oficial de protecci\u00f3n de datos: ER Secure GmbH, In der Knackenau 4, 82031 Gr\u00fcnwald Email: datenschutz@majuma.net<\/p>\n","protected":false},"author":5,"featured_media":0,"parent":0,"menu_order":0,"comment_status":"closed","ping_status":"closed","template":"","meta":[],"_links":{"self":[{"href":"https:\/\/followbutler.com\/es\/wp-json\/wp\/v2\/pages\/2747"}],"collection":[{"href":"https:\/\/followbutler.com\/es\/wp-json\/wp\/v2\/pages"}],"about":[{"href":"https:\/\/followbutler.com\/es\/wp-json\/wp\/v2\/types\/page"}],"author":[{"embeddable":true,"href":"https:\/\/followbutler.com\/es\/wp-json\/wp\/v2\/users\/5"}],"replies":[{"embeddable":true,"href":"https:\/\/followbutler.com\/es\/wp-json\/wp\/v2\/comments?post=2747"}],"version-history":[{"count":0,"href":"https:\/\/followbutler.com\/es\/wp-json\/wp\/v2\/pages\/2747\/revisions"}],"wp:attachment":[{"href":"https:\/\/followbutler.com\/es\/wp-json\/wp\/v2\/media?parent=2747"}],"curies":[{"name":"wp","href":"https:\/\/api.w.org\/{rel}","templated":true}]}}